{"id":74,"date":"2025-06-22T06:17:13","date_gmt":"2025-06-22T06:17:13","guid":{"rendered":"https:\/\/djgroup.alejandrodev.com.co\/?page_id=74"},"modified":"2025-07-07T05:28:11","modified_gmt":"2025-07-07T05:28:11","slug":"trabaja-con-nosotros","status":"publish","type":"page","link":"https:\/\/djgroup.es\/fr\/trabaja-con-nosotros\/","title":{"rendered":"Travaillez avec nous"},"content":{"rendered":"<div data-elementor-type=\"wp-page\" data-elementor-id=\"74\" class=\"elementor elementor-74\" data-elementor-post-type=\"page\">\n\t\t\t\t<div class=\"elementor-element elementor-element-805b138 e-flex e-con-boxed e-con e-parent\" data-id=\"805b138\" data-element_type=\"container\" data-e-type=\"container\" data-settings=\"{&quot;background_background&quot;:&quot;slideshow&quot;,&quot;background_slideshow_gallery&quot;:[{&quot;id&quot;:402,&quot;url&quot;:&quot;https:\\\/\\\/djgroup.es\\\/wp-content\\\/uploads\\\/2025\\\/06\\\/16.png&quot;},{&quot;id&quot;:401,&quot;url&quot;:&quot;https:\\\/\\\/djgroup.es\\\/wp-content\\\/uploads\\\/2025\\\/06\\\/18.png&quot;},{&quot;id&quot;:403,&quot;url&quot;:&quot;https:\\\/\\\/djgroup.es\\\/wp-content\\\/uploads\\\/2025\\\/06\\\/17.png&quot;},{&quot;id&quot;:400,&quot;url&quot;:&quot;https:\\\/\\\/djgroup.es\\\/wp-content\\\/uploads\\\/2025\\\/06\\\/Trabaja-con-nosotros.png&quot;}],&quot;background_slideshow_loop&quot;:&quot;yes&quot;,&quot;background_slideshow_slide_duration&quot;:5000,&quot;background_slideshow_slide_transition&quot;:&quot;fade&quot;,&quot;background_slideshow_transition_duration&quot;:500}\">\n\t\t\t\t\t<div class=\"e-con-inner\">\n\t\t\t\t<div class=\"elementor-element elementor-element-289bce0 elementor-widget__width-initial animated-slow elementor-invisible elementor-widget elementor-widget-heading\" data-id=\"289bce0\" data-element_type=\"widget\" data-e-type=\"widget\" data-settings=\"{&quot;motion_fx_motion_fx_scrolling&quot;:&quot;yes&quot;,&quot;motion_fx_translateY_effect&quot;:&quot;yes&quot;,&quot;motion_fx_translateY_speed&quot;:{&quot;unit&quot;:&quot;px&quot;,&quot;size&quot;:1.6999999999999999555910790149937383830547332763671875,&quot;sizes&quot;:[]},&quot;_animation&quot;:&quot;fadeInUp&quot;,&quot;_animation_mobile&quot;:&quot;fadeInUp&quot;,&quot;_animation_delay&quot;:200,&quot;motion_fx_translateY_affectedRange&quot;:{&quot;unit&quot;:&quot;%&quot;,&quot;size&quot;:&quot;&quot;,&quot;sizes&quot;:{&quot;start&quot;:0,&quot;end&quot;:100}},&quot;motion_fx_devices&quot;:[&quot;desktop&quot;,&quot;tablet&quot;,&quot;mobile&quot;]}\" data-widget_type=\"heading.default\">\n\t\t\t\t<div class=\"elementor-widget-container\">\n\t\t\t\t\t<h2 class=\"elementor-heading-title elementor-size-default\">Travaillez avec nous<\/h2>\t\t\t\t<\/div>\n\t\t\t\t<\/div>\n\t\t\t\t<div class=\"elementor-element elementor-element-63f9e79 elementor-widget__width-initial animated-slow elementor-invisible elementor-widget elementor-widget-text-editor\" data-id=\"63f9e79\" data-element_type=\"widget\" data-e-type=\"widget\" data-settings=\"{&quot;motion_fx_motion_fx_scrolling&quot;:&quot;yes&quot;,&quot;motion_fx_translateY_effect&quot;:&quot;yes&quot;,&quot;motion_fx_translateY_speed&quot;:{&quot;unit&quot;:&quot;px&quot;,&quot;size&quot;:2.600000000000000088817841970012523233890533447265625,&quot;sizes&quot;:[]},&quot;_animation&quot;:&quot;fadeInUp&quot;,&quot;_animation_tablet&quot;:&quot;fadeInUp&quot;,&quot;_animation_delay&quot;:400,&quot;motion_fx_translateY_affectedRange&quot;:{&quot;unit&quot;:&quot;%&quot;,&quot;size&quot;:&quot;&quot;,&quot;sizes&quot;:{&quot;start&quot;:0,&quot;end&quot;:100}},&quot;motion_fx_devices&quot;:[&quot;desktop&quot;,&quot;tablet&quot;,&quot;mobile&quot;]}\" data-widget_type=\"text-editor.default\">\n\t\t\t\t<div class=\"elementor-widget-container\">\n\t\t\t\t\t\t\t\t\t\u00bfTe gustar\u00eda trabajar con nosotros?\nBuscamos talento para unirse a nuestro equipo\t\t\t\t\t\t\t\t<\/div>\n\t\t\t\t<\/div>\n\t\t\t\t\t<\/div>\n\t\t\t\t<\/div>\n\t\t<div class=\"elementor-element elementor-element-4b9b1a3 e-con-full e-flex e-con e-parent\" data-id=\"4b9b1a3\" data-element_type=\"container\" data-e-type=\"container\" data-settings=\"{&quot;background_background&quot;:&quot;classic&quot;}\">\n\t\t<div class=\"elementor-element elementor-element-4eb6edc e-con-full e-flex e-con e-child\" data-id=\"4eb6edc\" data-element_type=\"container\" data-e-type=\"container\">\n\t\t\t\t<div class=\"elementor-element elementor-element-d54a36f elementor-widget elementor-widget-heading\" data-id=\"d54a36f\" data-element_type=\"widget\" data-e-type=\"widget\" data-widget_type=\"heading.default\">\n\t\t\t\t<div class=\"elementor-widget-container\">\n\t\t\t\t\t<h2 class=\"elementor-heading-title elementor-size-default\">DEJANOS TU INFORMACI\u00d3N<\/h2>\t\t\t\t<\/div>\n\t\t\t\t<\/div>\n\t\t\t\t<div class=\"elementor-element elementor-element-a3fc2f1 elementor-button-align-start elementor-widget__width-initial elementor-widget elementor-widget-form\" data-id=\"a3fc2f1\" data-element_type=\"widget\" data-e-type=\"widget\" data-settings=\"{&quot;step_next_label&quot;:&quot;Siguiente&quot;,&quot;step_previous_label&quot;:&quot;Anterior&quot;,&quot;button_width&quot;:&quot;100&quot;,&quot;step_type&quot;:&quot;number_text&quot;,&quot;step_icon_shape&quot;:&quot;circle&quot;}\" data-widget_type=\"form.default\">\n\t\t\t\t<div class=\"elementor-widget-container\">\n\t\t\t\t\t\t\t<form class=\"elementor-form\" method=\"post\" name=\"Nuevo formulario\" action=\"\">\n\t\t\t<input type=\"hidden\" name=\"post_id\" value=\"74\"\/>\n\t\t\t<input type=\"hidden\" name=\"form_id\" value=\"a3fc2f1\"\/>\n\t\t\t<input type=\"hidden\" name=\"referer_title\" value=\"Trabaja con nosotros - Djgroup\" \/>\n\n\t\t\t\t\t\t\t<input type=\"hidden\" name=\"queried_id\" value=\"74\"\/>\n\t\t\t\n\t\t\t<div class=\"elementor-form-fields-wrapper elementor-labels-above\">\n\t\t\t\t\t\t\t\t<div class=\"elementor-field-type-text elementor-field-group elementor-column elementor-field-group-name elementor-col-100\">\n\t\t\t\t\t\t\t\t\t\t\t\t<label for=\"form-field-name\" class=\"elementor-field-label\">\n\t\t\t\t\t\t\t\tNom et pr\u00e9nom\t\t\t\t\t\t\t<\/label>\n\t\t\t\t\t\t\t\t\t\t\t\t\t\t<input size=\"1\" type=\"text\" name=\"form_fields[name]\" id=\"form-field-name\" class=\"elementor-field elementor-size-md  elementor-field-textual\">\n\t\t\t\t\t\t\t\t\t\t\t<\/div>\n\t\t\t\t\t\t\t\t<div class=\"elementor-field-type-text elementor-field-group elementor-column elementor-field-group-field_a84fb8f elementor-col-100\">\n\t\t\t\t\t\t\t\t\t\t\t\t<label for=\"form-field-field_a84fb8f\" class=\"elementor-field-label\">\n\t\t\t\t\t\t\t\tNum\u00e9ro de t\u00e9l\u00e9phone\t\t\t\t\t\t\t<\/label>\n\t\t\t\t\t\t\t\t\t\t\t\t\t\t<input size=\"1\" type=\"text\" name=\"form_fields[field_a84fb8f]\" id=\"form-field-field_a84fb8f\" class=\"elementor-field elementor-size-md  elementor-field-textual\">\n\t\t\t\t\t\t\t\t\t\t\t<\/div>\n\t\t\t\t\t\t\t\t<div class=\"elementor-field-type-email elementor-field-group elementor-column elementor-field-group-email elementor-col-100 elementor-field-required\">\n\t\t\t\t\t\t\t\t\t\t\t\t<label for=\"form-field-email\" class=\"elementor-field-label\">\n\t\t\t\t\t\t\t\tE-mail\t\t\t\t\t\t\t<\/label>\n\t\t\t\t\t\t\t\t\t\t\t\t\t\t<input size=\"1\" type=\"email\" name=\"form_fields[email]\" id=\"form-field-email\" class=\"elementor-field elementor-size-md  elementor-field-textual\" required=\"required\">\n\t\t\t\t\t\t\t\t\t\t\t<\/div>\n\t\t\t\t\t\t\t\t<div class=\"elementor-field-type-textarea elementor-field-group elementor-column elementor-field-group-message elementor-col-100\">\n\t\t\t\t\t\t\t\t\t\t\t\t<label for=\"form-field-message\" class=\"elementor-field-label\">\n\t\t\t\t\t\t\t\tMessage\t\t\t\t\t\t\t<\/label>\n\t\t\t\t\t\t<textarea class=\"elementor-field-textual elementor-field  elementor-size-md\" name=\"form_fields[message]\" id=\"form-field-message\" rows=\"4\"><\/textarea>\t\t\t\t<\/div>\n\t\t\t\t\t\t\t\t<div class=\"elementor-field-type-upload elementor-field-group elementor-column elementor-field-group-field_1a7ab3c elementor-col-100\">\n\t\t\t\t\t\t\t\t\t\t\t\t<label for=\"form-field-field_1a7ab3c\" class=\"elementor-field-label\">\n\t\t\t\t\t\t\t\tAdjunta tu CV\t\t\t\t\t\t\t<\/label>\n\t\t\t\t\t\t\t\t<input type=\"file\" name=\"form_fields[field_1a7ab3c]\" id=\"form-field-field_1a7ab3c\" class=\"elementor-field elementor-size-md  elementor-upload-field\">\n\n\t\t\t\t\t\t<\/div>\n\t\t\t\t\t\t\t\t<div class=\"elementor-field-group elementor-column elementor-field-type-submit elementor-col-100 e-form__buttons\">\n\t\t\t\t\t<button class=\"elementor-button elementor-size-sm\" type=\"submit\">\n\t\t\t\t\t\t<span class=\"elementor-button-content-wrapper\">\n\t\t\t\t\t\t\t\t\t\t\t\t\t\t\t\t\t\t\t\t\t\t<span class=\"elementor-button-text\">Envoyer<\/span>\n\t\t\t\t\t\t\t\t\t\t\t\t\t<\/span>\n\t\t\t\t\t<\/button>\n\t\t\t\t<\/div>\n\t\t\t<\/div>\n\t\t<input type=\"hidden\" name=\"trp-form-language\" value=\"fr\"\/><\/form>\n\t\t\t\t\t\t<\/div>\n\t\t\t\t<\/div>\n\t\t\t\t<\/div>\n\t\t\t\t<\/div>\n\t\t\t\t<\/div>","protected":false},"excerpt":{"rendered":"<p>Trabaja con nosotros \u00bfTe gustar\u00eda trabajar con nosotros? Buscamos talento para unirse a nuestro equipo DEJANOS TU INFORMACI\u00d3N<\/p>","protected":false},"author":1,"featured_media":0,"parent":0,"menu_order":0,"comment_status":"closed","ping_status":"closed","template":"elementor_header_footer","meta":{"_joinchat":[],"footnotes":""},"class_list":["post-74","page","type-page","status-publish","hentry"],"yoast_head":"<!-- This site is optimized with the Yoast SEO plugin v27.1.1 - https:\/\/yoast.com\/product\/yoast-seo-wordpress\/ -->\n<title>Trabaja con nosotros - Djgroup<\/title>\n<meta name=\"robots\" content=\"index, follow, max-snippet:-1, max-image-preview:large, max-video-preview:-1\" \/>\n<link rel=\"canonical\" href=\"https:\/\/djgroup.es\/fr\/trabaja-con-nosotros\/\" \/>\n<meta property=\"og:locale\" content=\"fr_FR\" \/>\n<meta property=\"og:type\" content=\"article\" \/>\n<meta property=\"og:title\" content=\"Trabaja con nosotros - Djgroup\" \/>\n<meta property=\"og:description\" content=\"Trabaja con nosotros \u00bfTe gustar\u00eda trabajar con nosotros? Buscamos talento para unirse a nuestro equipo DEJANOS TU INFORMACI\u00d3N\" \/>\n<meta property=\"og:url\" content=\"https:\/\/djgroup.es\/fr\/trabaja-con-nosotros\/\" \/>\n<meta property=\"og:site_name\" content=\"Djgroup\" \/>\n<meta property=\"article:publisher\" content=\"https:\/\/www.facebook.com\/profile.php?id=61577641345036&amp;mibextid=wwXIfr\" \/>\n<meta property=\"article:modified_time\" content=\"2025-07-07T05:28:11+00:00\" \/>\n<meta name=\"twitter:card\" content=\"summary_large_image\" \/>\n<meta name=\"twitter:label1\" content=\"Dur\u00e9e de lecture estim\u00e9e\" \/>\n\t<meta name=\"twitter:data1\" content=\"1 minute\" \/>\n<script type=\"application\/ld+json\" class=\"yoast-schema-graph\">{\"@context\":\"https:\/\/schema.org\",\"@graph\":[{\"@type\":\"WebPage\",\"@id\":\"https:\/\/djgroup.es\/trabaja-con-nosotros\/\",\"url\":\"https:\/\/djgroup.es\/trabaja-con-nosotros\/\",\"name\":\"Trabaja con nosotros - Djgroup\",\"isPartOf\":{\"@id\":\"https:\/\/djgroup.es\/#website\"},\"datePublished\":\"2025-06-22T06:17:13+00:00\",\"dateModified\":\"2025-07-07T05:28:11+00:00\",\"breadcrumb\":{\"@id\":\"https:\/\/djgroup.es\/trabaja-con-nosotros\/#breadcrumb\"},\"inLanguage\":\"fr-FR\",\"potentialAction\":[{\"@type\":\"ReadAction\",\"target\":[\"https:\/\/djgroup.es\/trabaja-con-nosotros\/\"]}]},{\"@type\":\"BreadcrumbList\",\"@id\":\"https:\/\/djgroup.es\/trabaja-con-nosotros\/#breadcrumb\",\"itemListElement\":[{\"@type\":\"ListItem\",\"position\":1,\"name\":\"Portada\",\"item\":\"https:\/\/djgroup.es\/\"},{\"@type\":\"ListItem\",\"position\":2,\"name\":\"Trabaja con nosotros\"}]},{\"@type\":\"WebSite\",\"@id\":\"https:\/\/djgroup.es\/#website\",\"url\":\"https:\/\/djgroup.es\/\",\"name\":\"Djgroup\",\"description\":\"Nuestra especialidad es la construcci\u00f3n en el sector residencial de obra nueva. Nos encargamos de proyectos de rehabilitacion integral y reformas. como tambien de proyectos realcionados con viviendas unifamiliares\",\"publisher\":{\"@id\":\"https:\/\/djgroup.es\/#organization\"},\"potentialAction\":[{\"@type\":\"SearchAction\",\"target\":{\"@type\":\"EntryPoint\",\"urlTemplate\":\"https:\/\/djgroup.es\/?s={search_term_string}\"},\"query-input\":{\"@type\":\"PropertyValueSpecification\",\"valueRequired\":true,\"valueName\":\"search_term_string\"}}],\"inLanguage\":\"fr-FR\"},{\"@type\":\"Organization\",\"@id\":\"https:\/\/djgroup.es\/#organization\",\"name\":\"Djgroup\",\"url\":\"https:\/\/djgroup.es\/\",\"logo\":{\"@type\":\"ImageObject\",\"inLanguage\":\"fr-FR\",\"@id\":\"https:\/\/djgroup.es\/#\/schema\/logo\/image\/\",\"url\":\"https:\/\/djgroup.es\/wp-content\/uploads\/2025\/06\/logo.webp\",\"contentUrl\":\"https:\/\/djgroup.es\/wp-content\/uploads\/2025\/06\/logo.webp\",\"width\":797,\"height\":181,\"caption\":\"Djgroup\"},\"image\":{\"@id\":\"https:\/\/djgroup.es\/#\/schema\/logo\/image\/\"},\"sameAs\":[\"https:\/\/www.facebook.com\/profile.php?id=61577641345036&mibextid=wwXIfr\",\"https:\/\/www.instagram.com\/djconstruction_realestate?igsh=aHM4bmYwd2E0d2Nz&utm_source=qr\",\"https:\/\/www.tiktok.com\/@dj.construction.reale?_t=ZN-8xX0L7cMxjq&_r=1\"]}]}<\/script>\n<!-- \/ Yoast SEO plugin. -->","yoast_head_json":{"title":"Trabaja con nosotros - Djgroup","robots":{"index":"index","follow":"follow","max-snippet":"max-snippet:-1","max-image-preview":"max-image-preview:large","max-video-preview":"max-video-preview:-1"},"canonical":"https:\/\/djgroup.es\/fr\/trabaja-con-nosotros\/","og_locale":"fr_FR","og_type":"article","og_title":"Trabaja con nosotros - Djgroup","og_description":"Trabaja con nosotros \u00bfTe gustar\u00eda trabajar con nosotros? Buscamos talento para unirse a nuestro equipo DEJANOS TU INFORMACI\u00d3N","og_url":"https:\/\/djgroup.es\/fr\/trabaja-con-nosotros\/","og_site_name":"Djgroup","article_publisher":"https:\/\/www.facebook.com\/profile.php?id=61577641345036&mibextid=wwXIfr","article_modified_time":"2025-07-07T05:28:11+00:00","twitter_card":"summary_large_image","twitter_misc":{"Dur\u00e9e de lecture estim\u00e9e":"1 minute"},"schema":{"@context":"https:\/\/schema.org","@graph":[{"@type":"WebPage","@id":"https:\/\/djgroup.es\/trabaja-con-nosotros\/","url":"https:\/\/djgroup.es\/trabaja-con-nosotros\/","name":"Trabaja con nosotros - Djgroup","isPartOf":{"@id":"https:\/\/djgroup.es\/#website"},"datePublished":"2025-06-22T06:17:13+00:00","dateModified":"2025-07-07T05:28:11+00:00","breadcrumb":{"@id":"https:\/\/djgroup.es\/trabaja-con-nosotros\/#breadcrumb"},"inLanguage":"fr-FR","potentialAction":[{"@type":"ReadAction","target":["https:\/\/djgroup.es\/trabaja-con-nosotros\/"]}]},{"@type":"BreadcrumbList","@id":"https:\/\/djgroup.es\/trabaja-con-nosotros\/#breadcrumb","itemListElement":[{"@type":"ListItem","position":1,"name":"Portada","item":"https:\/\/djgroup.es\/"},{"@type":"ListItem","position":2,"name":"Trabaja con nosotros"}]},{"@type":"WebSite","@id":"https:\/\/djgroup.es\/#website","url":"https:\/\/djgroup.es\/","name":"Djgroup","description":"Nuestra especialidad es la construcci\u00f3n en el sector residencial de obra nueva. Nos encargamos de proyectos de rehabilitacion integral y reformas. como tambien de proyectos realcionados con viviendas unifamiliares","publisher":{"@id":"https:\/\/djgroup.es\/#organization"},"potentialAction":[{"@type":"SearchAction","target":{"@type":"EntryPoint","urlTemplate":"https:\/\/djgroup.es\/?s={search_term_string}"},"query-input":{"@type":"PropertyValueSpecification","valueRequired":true,"valueName":"search_term_string"}}],"inLanguage":"fr-FR"},{"@type":"Organization","@id":"https:\/\/djgroup.es\/#organization","name":"Djgroup","url":"https:\/\/djgroup.es\/","logo":{"@type":"ImageObject","inLanguage":"fr-FR","@id":"https:\/\/djgroup.es\/#\/schema\/logo\/image\/","url":"https:\/\/djgroup.es\/wp-content\/uploads\/2025\/06\/logo.webp","contentUrl":"https:\/\/djgroup.es\/wp-content\/uploads\/2025\/06\/logo.webp","width":797,"height":181,"caption":"Djgroup"},"image":{"@id":"https:\/\/djgroup.es\/#\/schema\/logo\/image\/"},"sameAs":["https:\/\/www.facebook.com\/profile.php?id=61577641345036&mibextid=wwXIfr","https:\/\/www.instagram.com\/djconstruction_realestate?igsh=aHM4bmYwd2E0d2Nz&utm_source=qr","https:\/\/www.tiktok.com\/@dj.construction.reale?_t=ZN-8xX0L7cMxjq&_r=1"]}]}},"acf":[],"_links":{"self":[{"href":"https:\/\/djgroup.es\/fr\/wp-json\/wp\/v2\/pages\/74","targetHints":{"allow":["GET"]}}],"collection":[{"href":"https:\/\/djgroup.es\/fr\/wp-json\/wp\/v2\/pages"}],"about":[{"href":"https:\/\/djgroup.es\/fr\/wp-json\/wp\/v2\/types\/page"}],"author":[{"embeddable":true,"href":"https:\/\/djgroup.es\/fr\/wp-json\/wp\/v2\/users\/1"}],"replies":[{"embeddable":true,"href":"https:\/\/djgroup.es\/fr\/wp-json\/wp\/v2\/comments?post=74"}],"version-history":[{"count":25,"href":"https:\/\/djgroup.es\/fr\/wp-json\/wp\/v2\/pages\/74\/revisions"}],"predecessor-version":[{"id":704,"href":"https:\/\/djgroup.es\/fr\/wp-json\/wp\/v2\/pages\/74\/revisions\/704"}],"wp:attachment":[{"href":"https:\/\/djgroup.es\/fr\/wp-json\/wp\/v2\/media?parent=74"}],"curies":[{"name":"wp","href":"https:\/\/api.w.org\/{rel}","templated":true}]}}