{"id":69,"date":"2025-06-22T06:16:31","date_gmt":"2025-06-22T06:16:31","guid":{"rendered":"https:\/\/djgroup.alejandrodev.com.co\/?page_id=69"},"modified":"2025-07-07T05:28:09","modified_gmt":"2025-07-07T05:28:09","slug":"contacto","status":"publish","type":"page","link":"https:\/\/djgroup.es\/fr\/contact\/","title":{"rendered":"Contact"},"content":{"rendered":"<div data-elementor-type=\"wp-page\" data-elementor-id=\"69\" class=\"elementor elementor-69\" data-elementor-post-type=\"page\">\n\t\t\t\t<div class=\"elementor-element elementor-element-0069b0c e-flex e-con-boxed e-con e-parent\" data-id=\"0069b0c\" data-element_type=\"container\" data-e-type=\"container\" data-settings=\"{&quot;background_background&quot;:&quot;slideshow&quot;,&quot;background_slideshow_gallery&quot;:[{&quot;id&quot;:424,&quot;url&quot;:&quot;https:\\\/\\\/djgroup.es\\\/wp-content\\\/uploads\\\/2025\\\/06\\\/Construye-en-Mallorca-scaled.webp&quot;}],&quot;background_slideshow_ken_burns&quot;:&quot;yes&quot;,&quot;background_slideshow_loop&quot;:&quot;yes&quot;,&quot;background_slideshow_slide_duration&quot;:5000,&quot;background_slideshow_slide_transition&quot;:&quot;fade&quot;,&quot;background_slideshow_transition_duration&quot;:500,&quot;background_slideshow_ken_burns_zoom_direction&quot;:&quot;in&quot;}\">\n\t\t\t\t\t<div class=\"e-con-inner\">\n\t\t\t\t<div class=\"elementor-element elementor-element-b0ac4ee elementor-widget__width-initial animated-slow elementor-invisible elementor-widget elementor-widget-heading\" data-id=\"b0ac4ee\" data-element_type=\"widget\" data-e-type=\"widget\" data-settings=\"{&quot;motion_fx_motion_fx_scrolling&quot;:&quot;yes&quot;,&quot;motion_fx_translateY_effect&quot;:&quot;yes&quot;,&quot;motion_fx_translateY_speed&quot;:{&quot;unit&quot;:&quot;px&quot;,&quot;size&quot;:1.6999999999999999555910790149937383830547332763671875,&quot;sizes&quot;:[]},&quot;_animation&quot;:&quot;fadeInUp&quot;,&quot;_animation_mobile&quot;:&quot;fadeInUp&quot;,&quot;_animation_delay&quot;:200,&quot;motion_fx_translateY_affectedRange&quot;:{&quot;unit&quot;:&quot;%&quot;,&quot;size&quot;:&quot;&quot;,&quot;sizes&quot;:{&quot;start&quot;:0,&quot;end&quot;:100}},&quot;motion_fx_devices&quot;:[&quot;desktop&quot;,&quot;tablet&quot;,&quot;mobile&quot;]}\" data-widget_type=\"heading.default\">\n\t\t\t\t<div class=\"elementor-widget-container\">\n\t\t\t\t\t<h1 class=\"elementor-heading-title elementor-size-default\">Contactez-nous ! Nous sommes l\u00e0 pour vous aider.<\/h1>\t\t\t\t<\/div>\n\t\t\t\t<\/div>\n\t\t\t\t<div class=\"elementor-element elementor-element-7fd3f99 elementor-widget__width-initial animated-slow elementor-invisible elementor-widget elementor-widget-text-editor\" data-id=\"7fd3f99\" data-element_type=\"widget\" data-e-type=\"widget\" data-settings=\"{&quot;motion_fx_motion_fx_scrolling&quot;:&quot;yes&quot;,&quot;motion_fx_translateY_effect&quot;:&quot;yes&quot;,&quot;motion_fx_translateY_speed&quot;:{&quot;unit&quot;:&quot;px&quot;,&quot;size&quot;:2.600000000000000088817841970012523233890533447265625,&quot;sizes&quot;:[]},&quot;_animation&quot;:&quot;fadeInUp&quot;,&quot;_animation_tablet&quot;:&quot;fadeInUp&quot;,&quot;_animation_delay&quot;:400,&quot;motion_fx_translateY_affectedRange&quot;:{&quot;unit&quot;:&quot;%&quot;,&quot;size&quot;:&quot;&quot;,&quot;sizes&quot;:{&quot;start&quot;:0,&quot;end&quot;:100}},&quot;motion_fx_devices&quot;:[&quot;desktop&quot;,&quot;tablet&quot;,&quot;mobile&quot;]}\" data-widget_type=\"text-editor.default\">\n\t\t\t\t<div class=\"elementor-widget-container\">\n\t\t\t\t\t\t\t\t\t<p>Vous avez des doutes, des questions ou besoin de conseils\u00a0? N\u2019h\u00e9sitez pas \u00e0 nous \u00e9crire\u00a0! Nous sommes pr\u00eats \u00e0 vous proposer des solutions personnalis\u00e9es.<\/p>\t\t\t\t\t\t\t\t<\/div>\n\t\t\t\t<\/div>\n\t\t\t\t\t<\/div>\n\t\t\t\t<\/div>\n\t\t<div class=\"elementor-element elementor-element-c0e6d5a e-flex e-con-boxed e-con e-parent\" data-id=\"c0e6d5a\" data-element_type=\"container\" data-e-type=\"container\">\n\t\t\t\t\t<div class=\"e-con-inner\">\n\t\t<div class=\"elementor-element elementor-element-111fd00 e-con-full e-flex e-con e-child\" data-id=\"111fd00\" data-element_type=\"container\" data-e-type=\"container\" data-settings=\"{&quot;background_background&quot;:&quot;classic&quot;}\">\n\t\t\t\t<div class=\"elementor-element elementor-element-cabfff1 elementor-widget elementor-widget-heading\" data-id=\"cabfff1\" data-element_type=\"widget\" data-e-type=\"widget\" data-widget_type=\"heading.default\">\n\t\t\t\t<div class=\"elementor-widget-container\">\n\t\t\t\t\t<h2 class=\"elementor-heading-title elementor-size-default\">Contactez-nous<\/h2>\t\t\t\t<\/div>\n\t\t\t\t<\/div>\n\t\t\t\t<div class=\"elementor-element elementor-element-63c5203 elementor-widget elementor-widget-text-editor\" data-id=\"63c5203\" data-element_type=\"widget\" data-e-type=\"widget\" data-widget_type=\"text-editor.default\">\n\t\t\t\t<div class=\"elementor-widget-container\">\n\t\t\t\t\t\t\t\t\t<p>Si vous souhaitez nous contacter, vous pouvez nous \u00e9crire \u00e0 notre adresse \u00e9lectronique.<span style=\"color: #339966;\"><strong> <a style=\"color: #339966;\" href=\"mailto:info@djgroup.es\">info@djgroup.es<\/a> <\/strong><\/span>Vous pouvez \u00e9galement nous \u00e9crire via notre formulaire de contact.<\/p>\t\t\t\t\t\t\t\t<\/div>\n\t\t\t\t<\/div>\n\t\t\t\t<div class=\"elementor-element elementor-element-221dfa4 elementor-position-left elementor-vertical-align-bottom elementor-widget elementor-widget-image-box\" data-id=\"221dfa4\" data-element_type=\"widget\" data-e-type=\"widget\" data-widget_type=\"image-box.default\">\n\t\t\t\t<div class=\"elementor-widget-container\">\n\t\t\t\t\t<div class=\"elementor-image-box-wrapper\"><figure class=\"elementor-image-box-img\"><img fetchpriority=\"high\" decoding=\"async\" width=\"512\" height=\"512\" src=\"https:\/\/djgroup.es\/wp-content\/uploads\/2025\/06\/Correo-electronico.png\" class=\"attachment-full size-full wp-image-361\" alt=\"\" srcset=\"https:\/\/djgroup.es\/wp-content\/uploads\/2025\/06\/Correo-electronico.png 512w, https:\/\/djgroup.es\/wp-content\/uploads\/2025\/06\/Correo-electronico-300x300.png 300w, https:\/\/djgroup.es\/wp-content\/uploads\/2025\/06\/Correo-electronico-150x150.png 150w\" sizes=\"(max-width: 512px) 100vw, 512px\" \/><\/figure><div class=\"elementor-image-box-content\"><h3 class=\"elementor-image-box-title\">E-mail<\/h3><p class=\"elementor-image-box-description\">info@djgroup.es<\/p><\/div><\/div>\t\t\t\t<\/div>\n\t\t\t\t<\/div>\n\t\t\t\t<div class=\"elementor-element elementor-element-d6b1b8d elementor-position-left elementor-vertical-align-bottom elementor-widget elementor-widget-image-box\" data-id=\"d6b1b8d\" data-element_type=\"widget\" data-e-type=\"widget\" data-widget_type=\"image-box.default\">\n\t\t\t\t<div class=\"elementor-widget-container\">\n\t\t\t\t\t<div class=\"elementor-image-box-wrapper\"><figure class=\"elementor-image-box-img\"><img decoding=\"async\" width=\"512\" height=\"512\" src=\"https:\/\/djgroup.es\/wp-content\/uploads\/2025\/06\/Numero-telefonico.png\" class=\"attachment-full size-full wp-image-362\" alt=\"\" srcset=\"https:\/\/djgroup.es\/wp-content\/uploads\/2025\/06\/Numero-telefonico.png 512w, https:\/\/djgroup.es\/wp-content\/uploads\/2025\/06\/Numero-telefonico-300x300.png 300w, https:\/\/djgroup.es\/wp-content\/uploads\/2025\/06\/Numero-telefonico-150x150.png 150w\" sizes=\"(max-width: 512px) 100vw, 512px\" \/><\/figure><div class=\"elementor-image-box-content\"><h3 class=\"elementor-image-box-title\">Num\u00e9ro de t\u00e9l\u00e9phone<\/h3><p class=\"elementor-image-box-description\">+34 600 30 1562<\/p><\/div><\/div>\t\t\t\t<\/div>\n\t\t\t\t<\/div>\n\t\t\t\t<div class=\"elementor-element elementor-element-bc67781 elementor-position-left elementor-vertical-align-bottom elementor-widget elementor-widget-image-box\" data-id=\"bc67781\" data-element_type=\"widget\" data-e-type=\"widget\" data-widget_type=\"image-box.default\">\n\t\t\t\t<div class=\"elementor-widget-container\">\n\t\t\t\t\t<div class=\"elementor-image-box-wrapper\"><figure class=\"elementor-image-box-img\"><img decoding=\"async\" width=\"512\" height=\"512\" src=\"https:\/\/djgroup.es\/wp-content\/uploads\/2025\/06\/Ubicacion.png\" class=\"attachment-full size-full wp-image-363\" alt=\"\" srcset=\"https:\/\/djgroup.es\/wp-content\/uploads\/2025\/06\/Ubicacion.png 512w, https:\/\/djgroup.es\/wp-content\/uploads\/2025\/06\/Ubicacion-300x300.png 300w, https:\/\/djgroup.es\/wp-content\/uploads\/2025\/06\/Ubicacion-150x150.png 150w\" sizes=\"(max-width: 512px) 100vw, 512px\" \/><\/figure><div class=\"elementor-image-box-content\"><h3 class=\"elementor-image-box-title\">Emplacement<\/h3><p class=\"elementor-image-box-description\">Gremi Fusters, 33, 1er \u00e9tage - bureau 108 B\u00e2timent Via Asima - Zone Industrielle Son Castell\u00f3. 07009 Palma<\/p><\/div><\/div>\t\t\t\t<\/div>\n\t\t\t\t<\/div>\n\t\t\t\t<\/div>\n\t\t<div class=\"elementor-element elementor-element-2fd693f e-con-full e-flex e-con e-child\" data-id=\"2fd693f\" data-element_type=\"container\" data-e-type=\"container\">\n\t\t\t\t<div class=\"elementor-element elementor-element-5e3d663 elementor-widget elementor-widget-heading\" data-id=\"5e3d663\" data-element_type=\"widget\" data-e-type=\"widget\" data-widget_type=\"heading.default\">\n\t\t\t\t<div class=\"elementor-widget-container\">\n\t\t\t\t\t<h2 class=\"elementor-heading-title elementor-size-default\">Laissez-nous votre message<\/h2>\t\t\t\t<\/div>\n\t\t\t\t<\/div>\n\t\t\t\t<div class=\"elementor-element elementor-element-f6d0ff3 elementor-button-align-start elementor-widget elementor-widget-form\" data-id=\"f6d0ff3\" data-element_type=\"widget\" data-e-type=\"widget\" data-settings=\"{&quot;step_next_label&quot;:&quot;Siguiente&quot;,&quot;step_previous_label&quot;:&quot;Anterior&quot;,&quot;button_width&quot;:&quot;100&quot;,&quot;step_type&quot;:&quot;number_text&quot;,&quot;step_icon_shape&quot;:&quot;circle&quot;}\" data-widget_type=\"form.default\">\n\t\t\t\t<div class=\"elementor-widget-container\">\n\t\t\t\t\t\t\t<form class=\"elementor-form\" method=\"post\" name=\"Nuevo formulario\" action=\"\">\n\t\t\t<input type=\"hidden\" name=\"post_id\" value=\"69\"\/>\n\t\t\t<input type=\"hidden\" name=\"form_id\" value=\"f6d0ff3\"\/>\n\t\t\t<input type=\"hidden\" name=\"referer_title\" value=\"Contacto - Djgroup\" \/>\n\n\t\t\t\t\t\t\t<input type=\"hidden\" name=\"queried_id\" value=\"69\"\/>\n\t\t\t\n\t\t\t<div class=\"elementor-form-fields-wrapper elementor-labels-\">\n\t\t\t\t\t\t\t\t<div class=\"elementor-field-type-text elementor-field-group elementor-column elementor-field-group-name elementor-col-100\">\n\t\t\t\t\t\t\t\t\t\t\t\t<label for=\"form-field-name\" class=\"elementor-field-label elementor-screen-only\">\n\t\t\t\t\t\t\t\tNom et pr\u00e9nom\t\t\t\t\t\t\t<\/label>\n\t\t\t\t\t\t\t\t\t\t\t\t\t\t<input size=\"1\" type=\"text\" name=\"form_fields[name]\" id=\"form-field-name\" class=\"elementor-field elementor-size-sm  elementor-field-textual\" placeholder=\"Nom et pr\u00e9nom\">\n\t\t\t\t\t\t\t\t\t\t\t<\/div>\n\t\t\t\t\t\t\t\t<div class=\"elementor-field-type-email elementor-field-group elementor-column elementor-field-group-email elementor-col-100 elementor-field-required\">\n\t\t\t\t\t\t\t\t\t\t\t\t<label for=\"form-field-email\" class=\"elementor-field-label elementor-screen-only\">\n\t\t\t\t\t\t\t\tE-mail\t\t\t\t\t\t\t<\/label>\n\t\t\t\t\t\t\t\t\t\t\t\t\t\t<input size=\"1\" type=\"email\" name=\"form_fields[email]\" id=\"form-field-email\" class=\"elementor-field elementor-size-sm  elementor-field-textual\" placeholder=\"E-mail\" required=\"required\">\n\t\t\t\t\t\t\t\t\t\t\t<\/div>\n\t\t\t\t\t\t\t\t<div class=\"elementor-field-type-tel elementor-field-group elementor-column elementor-field-group-field_7351597 elementor-col-100 elementor-field-required\">\n\t\t\t\t\t\t\t\t\t\t\t\t<label for=\"form-field-field_7351597\" class=\"elementor-field-label elementor-screen-only\">\n\t\t\t\t\t\t\t\tNum\u00e9ro de t\u00e9l\u00e9phone\t\t\t\t\t\t\t<\/label>\n\t\t\t\t\t\t\t\t<input size=\"1\" type=\"tel\" name=\"form_fields[field_7351597]\" id=\"form-field-field_7351597\" class=\"elementor-field elementor-size-sm  elementor-field-textual\" placeholder=\"Num\u00e9ro de t\u00e9l\u00e9phone\" required=\"required\" pattern=\"[0-9()#&amp;+*-=.]+\" title=\"Seuls les num\u00e9ros de t\u00e9l\u00e9phone et les caract\u00e8res sont accept\u00e9s (#, -, *, etc.).\">\n\n\t\t\t\t\t\t<\/div>\n\t\t\t\t\t\t\t\t<div class=\"elementor-field-type-textarea elementor-field-group elementor-column elementor-field-group-message elementor-col-100\">\n\t\t\t\t\t\t\t\t\t\t\t\t<label for=\"form-field-message\" class=\"elementor-field-label elementor-screen-only\">\n\t\t\t\t\t\t\t\tMessage\t\t\t\t\t\t\t<\/label>\n\t\t\t\t\t\t<textarea class=\"elementor-field-textual elementor-field  elementor-size-sm\" name=\"form_fields[message]\" id=\"form-field-message\" rows=\"4\" placeholder=\"Message\"><\/textarea>\t\t\t\t<\/div>\n\t\t\t\t\t\t\t\t<div class=\"elementor-field-type-acceptance elementor-field-group elementor-column elementor-field-group-field_fde4e3e elementor-col-100\">\n\t\t\t\t\t\t\t\t\t\t\t\t<label for=\"form-field-field_fde4e3e\" class=\"elementor-field-label elementor-screen-only\">\n\t\t\t\t\t\t\t\tMessage\t\t\t\t\t\t\t<\/label>\n\t\t\t\t\t\t\t\t<div class=\"elementor-field-subgroup\">\n\t\t\t<span class=\"elementor-field-option\">\n\t\t\t\t<input type=\"checkbox\" name=\"form_fields[field_fde4e3e]\" id=\"form-field-field_fde4e3e\" class=\"elementor-field elementor-size-sm  elementor-acceptance-field\">\n\t\t\t\t<label for=\"form-field-field_fde4e3e\">J&#039;ai lu et j&#039;accepte la politique de confidentialit\u00e9 de djgroup, comprenant que mes donn\u00e9es seront trait\u00e9es conform\u00e9ment aux dispositions dudit document et \u00e0 la r\u00e9glementation en vigueur.<\/label>\t\t\t<\/span>\n\t\t<\/div>\n\t\t\t\t\t\t<\/div>\n\t\t\t\t\t\t\t\t<div class=\"elementor-field-group elementor-column elementor-field-type-submit elementor-col-100 e-form__buttons\">\n\t\t\t\t\t<button class=\"elementor-button elementor-size-sm\" type=\"submit\">\n\t\t\t\t\t\t<span class=\"elementor-button-content-wrapper\">\n\t\t\t\t\t\t\t\t\t\t\t\t\t\t\t\t\t\t\t\t\t\t<span class=\"elementor-button-text\">Envoyer<\/span>\n\t\t\t\t\t\t\t\t\t\t\t\t\t<\/span>\n\t\t\t\t\t<\/button>\n\t\t\t\t<\/div>\n\t\t\t<\/div>\n\t\t<input type=\"hidden\" name=\"trp-form-language\" value=\"fr\"\/><\/form>\n\t\t\t\t\t\t<\/div>\n\t\t\t\t<\/div>\n\t\t\t\t<\/div>\n\t\t\t\t\t<\/div>\n\t\t\t\t<\/div>\n\t\t<div class=\"elementor-element elementor-element-9f0d675 e-con-full e-flex e-con e-parent\" data-id=\"9f0d675\" data-element_type=\"container\" data-e-type=\"container\">\n\t\t\t\t<div class=\"elementor-element elementor-element-55bdf64 elementor-widget elementor-widget-google_maps\" data-id=\"55bdf64\" data-element_type=\"widget\" data-e-type=\"widget\" data-widget_type=\"google_maps.default\">\n\t\t\t\t<div class=\"elementor-widget-container\">\n\t\t\t\t\t\t\t<div class=\"elementor-custom-embed\">\n\t\t\t<iframe loading=\"lazy\"\n\t\t\t\t\tsrc=\"https:\/\/maps.google.com\/maps?q=Edificio%20Via%20Asima%20-%20Pol%C3%ADgono%20Son%20Castell%C3%B3.%2007009%20Palma&#038;t=m&#038;z=10&#038;output=embed&#038;iwloc=near\"\n\t\t\t\t\ttitle=\"B\u00e2timent Via Asima - Zone Industrielle Son Castell\u00f3. 07009 Palma\"\n\t\t\t\t\taria-label=\"B\u00e2timent Via Asima - Zone Industrielle Son Castell\u00f3. 07009 Palma\"\n\t\t\t><\/iframe>\n\t\t<\/div>\n\t\t\t\t\t\t<\/div>\n\t\t\t\t<\/div>\n\t\t\t\t<\/div>\n\t\t\t\t<\/div>","protected":false},"excerpt":{"rendered":"<p>\u00a1Cont\u00e1ctanos! Estamos aqu\u00ed para ayudarte \u00bfTienes dudas, preguntas o necesitas asesor\u00eda? \u00a1No dudes en escribirnos! Estamos listos para brindarte soluciones a la medida. Contactanos Si deseas contactarnos puesdes escribirnos atraves de nuestro correo electronico info@djgroup.es o puedes escribirnos por medio de nuestro formuario de contacto Correo electr\u00f3nico info@djgroup.es N\u00famero telef\u00f3nico +34 600 30 1562 Ubicaci\u00f3n [&hellip;]<\/p>","protected":false},"author":1,"featured_media":0,"parent":0,"menu_order":0,"comment_status":"closed","ping_status":"closed","template":"elementor_header_footer","meta":{"_joinchat":[],"footnotes":""},"class_list":["post-69","page","type-page","status-publish","hentry"],"yoast_head":"<!-- This site is optimized with the Yoast SEO plugin v27.1.1 - https:\/\/yoast.com\/product\/yoast-seo-wordpress\/ -->\n<title>Contacto - Djgroup<\/title>\n<meta name=\"description\" content=\"Contacta con la mejor constructora e inmobiliaria de lujo en Mallorca \u2013 Proyectos premium a tu medida\" \/>\n<meta name=\"robots\" content=\"index, follow, max-snippet:-1, max-image-preview:large, max-video-preview:-1\" \/>\n<link rel=\"canonical\" href=\"https:\/\/djgroup.es\/fr\/contact\/\" \/>\n<meta property=\"og:locale\" content=\"fr_FR\" \/>\n<meta property=\"og:type\" content=\"article\" \/>\n<meta property=\"og:title\" content=\"Contacto - Djgroup\" \/>\n<meta property=\"og:description\" content=\"Contacta con la mejor constructora e inmobiliaria de lujo en Mallorca \u2013 Proyectos premium a tu medida\" \/>\n<meta property=\"og:url\" content=\"https:\/\/djgroup.es\/fr\/contact\/\" \/>\n<meta property=\"og:site_name\" content=\"Djgroup\" \/>\n<meta property=\"article:publisher\" content=\"https:\/\/www.facebook.com\/profile.php?id=61577641345036&amp;mibextid=wwXIfr\" \/>\n<meta property=\"article:modified_time\" content=\"2025-07-07T05:28:09+00:00\" \/>\n<meta property=\"og:image\" content=\"https:\/\/djgroup.es\/wp-content\/uploads\/2025\/06\/Correo-electronico.png\" \/>\n\t<meta property=\"og:image:width\" content=\"512\" \/>\n\t<meta property=\"og:image:height\" content=\"512\" \/>\n\t<meta property=\"og:image:type\" content=\"image\/png\" \/>\n<meta name=\"twitter:card\" content=\"summary_large_image\" \/>\n<meta name=\"twitter:label1\" content=\"Dur\u00e9e de lecture estim\u00e9e\" \/>\n\t<meta name=\"twitter:data1\" content=\"2 minutes\" \/>\n<script type=\"application\/ld+json\" class=\"yoast-schema-graph\">{\"@context\":\"https:\/\/schema.org\",\"@graph\":[{\"@type\":[\"WebPage\",\"ContactPage\"],\"@id\":\"https:\/\/djgroup.es\/contacto\/\",\"url\":\"https:\/\/djgroup.es\/contacto\/\",\"name\":\"Contacto - Djgroup\",\"isPartOf\":{\"@id\":\"https:\/\/djgroup.es\/#website\"},\"primaryImageOfPage\":{\"@id\":\"https:\/\/djgroup.es\/contacto\/#primaryimage\"},\"image\":{\"@id\":\"https:\/\/djgroup.es\/contacto\/#primaryimage\"},\"thumbnailUrl\":\"https:\/\/djgroup.es\/wp-content\/uploads\/2025\/06\/Correo-electronico.png\",\"datePublished\":\"2025-06-22T06:16:31+00:00\",\"dateModified\":\"2025-07-07T05:28:09+00:00\",\"description\":\"Contacta con la mejor constructora e inmobiliaria de lujo en Mallorca \u2013 Proyectos premium a tu medida\",\"breadcrumb\":{\"@id\":\"https:\/\/djgroup.es\/contacto\/#breadcrumb\"},\"inLanguage\":\"fr-FR\",\"potentialAction\":[{\"@type\":\"ReadAction\",\"target\":[\"https:\/\/djgroup.es\/contacto\/\"]}]},{\"@type\":\"ImageObject\",\"inLanguage\":\"fr-FR\",\"@id\":\"https:\/\/djgroup.es\/contacto\/#primaryimage\",\"url\":\"https:\/\/djgroup.es\/wp-content\/uploads\/2025\/06\/Correo-electronico.png\",\"contentUrl\":\"https:\/\/djgroup.es\/wp-content\/uploads\/2025\/06\/Correo-electronico.png\"},{\"@type\":\"BreadcrumbList\",\"@id\":\"https:\/\/djgroup.es\/contacto\/#breadcrumb\",\"itemListElement\":[{\"@type\":\"ListItem\",\"position\":1,\"name\":\"Portada\",\"item\":\"https:\/\/djgroup.es\/\"},{\"@type\":\"ListItem\",\"position\":2,\"name\":\"Contacto\"}]},{\"@type\":\"WebSite\",\"@id\":\"https:\/\/djgroup.es\/#website\",\"url\":\"https:\/\/djgroup.es\/\",\"name\":\"Djgroup\",\"description\":\"Nuestra especialidad es la construcci\u00f3n en el sector residencial de obra nueva. Nos encargamos de proyectos de rehabilitacion integral y reformas. como tambien de proyectos realcionados con viviendas unifamiliares\",\"publisher\":{\"@id\":\"https:\/\/djgroup.es\/#organization\"},\"potentialAction\":[{\"@type\":\"SearchAction\",\"target\":{\"@type\":\"EntryPoint\",\"urlTemplate\":\"https:\/\/djgroup.es\/?s={search_term_string}\"},\"query-input\":{\"@type\":\"PropertyValueSpecification\",\"valueRequired\":true,\"valueName\":\"search_term_string\"}}],\"inLanguage\":\"fr-FR\"},{\"@type\":\"Organization\",\"@id\":\"https:\/\/djgroup.es\/#organization\",\"name\":\"Djgroup\",\"url\":\"https:\/\/djgroup.es\/\",\"logo\":{\"@type\":\"ImageObject\",\"inLanguage\":\"fr-FR\",\"@id\":\"https:\/\/djgroup.es\/#\/schema\/logo\/image\/\",\"url\":\"https:\/\/djgroup.es\/wp-content\/uploads\/2025\/06\/logo.webp\",\"contentUrl\":\"https:\/\/djgroup.es\/wp-content\/uploads\/2025\/06\/logo.webp\",\"width\":797,\"height\":181,\"caption\":\"Djgroup\"},\"image\":{\"@id\":\"https:\/\/djgroup.es\/#\/schema\/logo\/image\/\"},\"sameAs\":[\"https:\/\/www.facebook.com\/profile.php?id=61577641345036&mibextid=wwXIfr\",\"https:\/\/www.instagram.com\/djconstruction_realestate?igsh=aHM4bmYwd2E0d2Nz&utm_source=qr\",\"https:\/\/www.tiktok.com\/@dj.construction.reale?_t=ZN-8xX0L7cMxjq&_r=1\"]}]}<\/script>\n<!-- \/ Yoast SEO plugin. -->","yoast_head_json":{"title":"Contacto - Djgroup","description":"Contacta con la mejor constructora e inmobiliaria de lujo en Mallorca \u2013 Proyectos premium a tu medida","robots":{"index":"index","follow":"follow","max-snippet":"max-snippet:-1","max-image-preview":"max-image-preview:large","max-video-preview":"max-video-preview:-1"},"canonical":"https:\/\/djgroup.es\/fr\/contact\/","og_locale":"fr_FR","og_type":"article","og_title":"Contacto - Djgroup","og_description":"Contacta con la mejor constructora e inmobiliaria de lujo en Mallorca \u2013 Proyectos premium a tu medida","og_url":"https:\/\/djgroup.es\/fr\/contact\/","og_site_name":"Djgroup","article_publisher":"https:\/\/www.facebook.com\/profile.php?id=61577641345036&mibextid=wwXIfr","article_modified_time":"2025-07-07T05:28:09+00:00","og_image":[{"width":512,"height":512,"url":"https:\/\/djgroup.es\/wp-content\/uploads\/2025\/06\/Correo-electronico.png","type":"image\/png"}],"twitter_card":"summary_large_image","twitter_misc":{"Dur\u00e9e de lecture estim\u00e9e":"2 minutes"},"schema":{"@context":"https:\/\/schema.org","@graph":[{"@type":["WebPage","ContactPage"],"@id":"https:\/\/djgroup.es\/contacto\/","url":"https:\/\/djgroup.es\/contacto\/","name":"Contacto - Djgroup","isPartOf":{"@id":"https:\/\/djgroup.es\/#website"},"primaryImageOfPage":{"@id":"https:\/\/djgroup.es\/contacto\/#primaryimage"},"image":{"@id":"https:\/\/djgroup.es\/contacto\/#primaryimage"},"thumbnailUrl":"https:\/\/djgroup.es\/wp-content\/uploads\/2025\/06\/Correo-electronico.png","datePublished":"2025-06-22T06:16:31+00:00","dateModified":"2025-07-07T05:28:09+00:00","description":"Contacta con la mejor constructora e inmobiliaria de lujo en Mallorca \u2013 Proyectos premium a tu medida","breadcrumb":{"@id":"https:\/\/djgroup.es\/contacto\/#breadcrumb"},"inLanguage":"fr-FR","potentialAction":[{"@type":"ReadAction","target":["https:\/\/djgroup.es\/contacto\/"]}]},{"@type":"ImageObject","inLanguage":"fr-FR","@id":"https:\/\/djgroup.es\/contacto\/#primaryimage","url":"https:\/\/djgroup.es\/wp-content\/uploads\/2025\/06\/Correo-electronico.png","contentUrl":"https:\/\/djgroup.es\/wp-content\/uploads\/2025\/06\/Correo-electronico.png"},{"@type":"BreadcrumbList","@id":"https:\/\/djgroup.es\/contacto\/#breadcrumb","itemListElement":[{"@type":"ListItem","position":1,"name":"Portada","item":"https:\/\/djgroup.es\/"},{"@type":"ListItem","position":2,"name":"Contacto"}]},{"@type":"WebSite","@id":"https:\/\/djgroup.es\/#website","url":"https:\/\/djgroup.es\/","name":"Djgroup","description":"Nuestra especialidad es la construcci\u00f3n en el sector residencial de obra nueva. Nos encargamos de proyectos de rehabilitacion integral y reformas. como tambien de proyectos realcionados con viviendas unifamiliares","publisher":{"@id":"https:\/\/djgroup.es\/#organization"},"potentialAction":[{"@type":"SearchAction","target":{"@type":"EntryPoint","urlTemplate":"https:\/\/djgroup.es\/?s={search_term_string}"},"query-input":{"@type":"PropertyValueSpecification","valueRequired":true,"valueName":"search_term_string"}}],"inLanguage":"fr-FR"},{"@type":"Organization","@id":"https:\/\/djgroup.es\/#organization","name":"Djgroup","url":"https:\/\/djgroup.es\/","logo":{"@type":"ImageObject","inLanguage":"fr-FR","@id":"https:\/\/djgroup.es\/#\/schema\/logo\/image\/","url":"https:\/\/djgroup.es\/wp-content\/uploads\/2025\/06\/logo.webp","contentUrl":"https:\/\/djgroup.es\/wp-content\/uploads\/2025\/06\/logo.webp","width":797,"height":181,"caption":"Djgroup"},"image":{"@id":"https:\/\/djgroup.es\/#\/schema\/logo\/image\/"},"sameAs":["https:\/\/www.facebook.com\/profile.php?id=61577641345036&mibextid=wwXIfr","https:\/\/www.instagram.com\/djconstruction_realestate?igsh=aHM4bmYwd2E0d2Nz&utm_source=qr","https:\/\/www.tiktok.com\/@dj.construction.reale?_t=ZN-8xX0L7cMxjq&_r=1"]}]}},"acf":[],"_links":{"self":[{"href":"https:\/\/djgroup.es\/fr\/wp-json\/wp\/v2\/pages\/69","targetHints":{"allow":["GET"]}}],"collection":[{"href":"https:\/\/djgroup.es\/fr\/wp-json\/wp\/v2\/pages"}],"about":[{"href":"https:\/\/djgroup.es\/fr\/wp-json\/wp\/v2\/types\/page"}],"author":[{"embeddable":true,"href":"https:\/\/djgroup.es\/fr\/wp-json\/wp\/v2\/users\/1"}],"replies":[{"embeddable":true,"href":"https:\/\/djgroup.es\/fr\/wp-json\/wp\/v2\/comments?post=69"}],"version-history":[{"count":37,"href":"https:\/\/djgroup.es\/fr\/wp-json\/wp\/v2\/pages\/69\/revisions"}],"predecessor-version":[{"id":701,"href":"https:\/\/djgroup.es\/fr\/wp-json\/wp\/v2\/pages\/69\/revisions\/701"}],"wp:attachment":[{"href":"https:\/\/djgroup.es\/fr\/wp-json\/wp\/v2\/media?parent=69"}],"curies":[{"name":"wp","href":"https:\/\/api.w.org\/{rel}","templated":true}]}}